{"id":39,"date":"2023-06-15T17:51:59","date_gmt":"2023-06-15T17:51:59","guid":{"rendered":"https:\/\/globalelsalvador.com\/NuevaSanMiguel\/?page_id=39"},"modified":"2024-10-04T22:09:18","modified_gmt":"2024-10-04T22:09:18","slug":"modelo-detroit","status":"publish","type":"page","link":"https:\/\/globalelsalvador.com\/NuevaSanMiguel\/modelo-detroit\/","title":{"rendered":"Modelo Detroit"},"content":{"rendered":"\t\t<div data-elementor-type=\"wp-page\" data-elementor-id=\"39\" class=\"elementor elementor-39\">\n\t\t\t\t\t\t<section class=\"elementor-section elementor-top-section elementor-element elementor-element-d684536 elementor-section-boxed elementor-section-height-default elementor-section-height-default\" data-id=\"d684536\" data-element_type=\"section\">\n\t\t\t\t\t\t<div class=\"elementor-container elementor-column-gap-default\">\n\t\t\t\t\t<div class=\"elementor-column elementor-col-100 elementor-top-column elementor-element elementor-element-768292a\" data-id=\"768292a\" data-element_type=\"column\">\n\t\t\t<div class=\"elementor-widget-wrap elementor-element-populated\">\n\t\t\t\t\t\t<div class=\"elementor-element elementor-element-518d1d7 elementor-widget elementor-widget-image\" data-id=\"518d1d7\" data-element_type=\"widget\" data-widget_type=\"image.default\">\n\t\t\t\t<div class=\"elementor-widget-container\">\n\t\t\t\t\t\t\t\t\t\t\t\t\t\t\t<img fetchpriority=\"high\" decoding=\"async\" width=\"1920\" height=\"1080\" src=\"https:\/\/globalelsalvador.com\/NuevaSanMiguel\/wp-content\/uploads\/2023\/06\/detroit.jpg\" class=\"attachment-full size-full wp-image-175\" alt=\"\" srcset=\"https:\/\/globalelsalvador.com\/NuevaSanMiguel\/wp-content\/uploads\/2023\/06\/detroit.jpg 1920w, https:\/\/globalelsalvador.com\/NuevaSanMiguel\/wp-content\/uploads\/2023\/06\/detroit-300x169.jpg 300w, https:\/\/globalelsalvador.com\/NuevaSanMiguel\/wp-content\/uploads\/2023\/06\/detroit-1024x576.jpg 1024w, https:\/\/globalelsalvador.com\/NuevaSanMiguel\/wp-content\/uploads\/2023\/06\/detroit-768x432.jpg 768w, https:\/\/globalelsalvador.com\/NuevaSanMiguel\/wp-content\/uploads\/2023\/06\/detroit-1536x864.jpg 1536w\" sizes=\"(max-width: 1920px) 100vw, 1920px\" \/>\t\t\t\t\t\t\t\t\t\t\t\t\t\t\t<\/div>\n\t\t\t\t<\/div>\n\t\t\t\t\t<\/div>\n\t\t<\/div>\n\t\t\t\t\t<\/div>\n\t\t<\/section>\n\t\t\t\t<section class=\"elementor-section elementor-top-section elementor-element elementor-element-f165a77 elementor-section-full_width elementor-hidden-desktop elementor-hidden-tablet elementor-hidden-mobile elementor-section-height-default elementor-section-height-default\" data-id=\"f165a77\" data-element_type=\"section\" data-settings=\"{&quot;background_background&quot;:&quot;classic&quot;}\">\n\t\t\t\t\t\t<div class=\"elementor-container elementor-column-gap-default\">\n\t\t\t\t\t<div class=\"elementor-column elementor-col-50 elementor-top-column elementor-element elementor-element-b0ab4cb\" data-id=\"b0ab4cb\" data-element_type=\"column\">\n\t\t\t<div class=\"elementor-widget-wrap elementor-element-populated\">\n\t\t\t\t\t\t<div class=\"elementor-element elementor-element-e500034 elementor-widget elementor-widget-image\" data-id=\"e500034\" data-element_type=\"widget\" data-widget_type=\"image.default\">\n\t\t\t\t<div class=\"elementor-widget-container\">\n\t\t\t\t\t\t\t\t\t\t\t\t\t\t\t<img decoding=\"async\" width=\"800\" height=\"170\" src=\"https:\/\/globalelsalvador.com\/NuevaSanMiguel\/wp-content\/uploads\/2023\/06\/titleplantas-1-1024x218.png\" class=\"attachment-large size-large wp-image-179\" alt=\"\" srcset=\"https:\/\/globalelsalvador.com\/NuevaSanMiguel\/wp-content\/uploads\/2023\/06\/titleplantas-1-1024x218.png 1024w, https:\/\/globalelsalvador.com\/NuevaSanMiguel\/wp-content\/uploads\/2023\/06\/titleplantas-1-300x64.png 300w, https:\/\/globalelsalvador.com\/NuevaSanMiguel\/wp-content\/uploads\/2023\/06\/titleplantas-1-768x164.png 768w, https:\/\/globalelsalvador.com\/NuevaSanMiguel\/wp-content\/uploads\/2023\/06\/titleplantas-1.png 1130w\" sizes=\"(max-width: 800px) 100vw, 800px\" \/>\t\t\t\t\t\t\t\t\t\t\t\t\t\t\t<\/div>\n\t\t\t\t<\/div>\n\t\t\t\t\t<\/div>\n\t\t<\/div>\n\t\t\t\t<div class=\"elementor-column elementor-col-50 elementor-top-column elementor-element elementor-element-b6d5e5c\" data-id=\"b6d5e5c\" data-element_type=\"column\">\n\t\t\t<div class=\"elementor-widget-wrap elementor-element-populated\">\n\t\t\t\t\t\t<div class=\"elementor-element elementor-element-e223696 elementor-widget elementor-widget-heading\" data-id=\"e223696\" data-element_type=\"widget\" data-widget_type=\"heading.default\">\n\t\t\t\t<div class=\"elementor-widget-container\">\n\t\t\t\t\t<h2 class=\"elementor-heading-title elementor-size-default\">Planta arquitect\u00f3nica<\/h2>\t\t\t\t<\/div>\n\t\t\t\t<\/div>\n\t\t\t\t\t<\/div>\n\t\t<\/div>\n\t\t\t\t\t<\/div>\n\t\t<\/section>\n\t\t\t\t<section class=\"elementor-section elementor-top-section elementor-element elementor-element-ad6aabd elementor-hidden-desktop elementor-hidden-tablet elementor-hidden-mobile elementor-section-boxed elementor-section-height-default elementor-section-height-default\" data-id=\"ad6aabd\" data-element_type=\"section\">\n\t\t\t\t\t\t<div class=\"elementor-container elementor-column-gap-default\">\n\t\t\t\t\t<div class=\"elementor-column elementor-col-50 elementor-top-column elementor-element elementor-element-0f92de6\" data-id=\"0f92de6\" data-element_type=\"column\">\n\t\t\t<div class=\"elementor-widget-wrap elementor-element-populated\">\n\t\t\t\t\t\t<div class=\"elementor-element elementor-element-9a69358 elementor-widget elementor-widget-image\" data-id=\"9a69358\" data-element_type=\"widget\" data-widget_type=\"image.default\">\n\t\t\t\t<div class=\"elementor-widget-container\">\n\t\t\t\t\t\t\t\t\t\t\t\t\t\t\t<img decoding=\"async\" width=\"627\" height=\"290\" src=\"https:\/\/globalelsalvador.com\/NuevaSanMiguel\/wp-content\/uploads\/2023\/06\/detroit-1.png\" class=\"attachment-large size-large wp-image-180\" alt=\"\" srcset=\"https:\/\/globalelsalvador.com\/NuevaSanMiguel\/wp-content\/uploads\/2023\/06\/detroit-1.png 627w, https:\/\/globalelsalvador.com\/NuevaSanMiguel\/wp-content\/uploads\/2023\/06\/detroit-1-300x139.png 300w\" sizes=\"(max-width: 627px) 100vw, 627px\" \/>\t\t\t\t\t\t\t\t\t\t\t\t\t\t\t<\/div>\n\t\t\t\t<\/div>\n\t\t\t\t\t<\/div>\n\t\t<\/div>\n\t\t\t\t<div class=\"elementor-column elementor-col-50 elementor-top-column elementor-element elementor-element-477c079\" data-id=\"477c079\" data-element_type=\"column\">\n\t\t\t<div class=\"elementor-widget-wrap elementor-element-populated\">\n\t\t\t\t\t\t<div class=\"elementor-element elementor-element-60c90e5 elementor-widget elementor-widget-image\" data-id=\"60c90e5\" data-element_type=\"widget\" data-widget_type=\"image.default\">\n\t\t\t\t<div class=\"elementor-widget-container\">\n\t\t\t\t\t\t\t\t\t\t\t\t\t\t\t<img loading=\"lazy\" decoding=\"async\" width=\"449\" height=\"290\" src=\"https:\/\/globalelsalvador.com\/NuevaSanMiguel\/wp-content\/uploads\/2023\/06\/detroit-2.png\" class=\"attachment-large size-large wp-image-181\" alt=\"\" srcset=\"https:\/\/globalelsalvador.com\/NuevaSanMiguel\/wp-content\/uploads\/2023\/06\/detroit-2.png 449w, https:\/\/globalelsalvador.com\/NuevaSanMiguel\/wp-content\/uploads\/2023\/06\/detroit-2-300x194.png 300w\" sizes=\"(max-width: 449px) 100vw, 449px\" \/>\t\t\t\t\t\t\t\t\t\t\t\t\t\t\t<\/div>\n\t\t\t\t<\/div>\n\t\t\t\t\t<\/div>\n\t\t<\/div>\n\t\t\t\t\t<\/div>\n\t\t<\/section>\n\t\t\t\t<section class=\"elementor-section elementor-top-section elementor-element elementor-element-5e9528d elementor-section-full_width elementor-hidden-desktop elementor-hidden-tablet elementor-hidden-mobile elementor-section-height-default elementor-section-height-default\" data-id=\"5e9528d\" data-element_type=\"section\" data-settings=\"{&quot;background_background&quot;:&quot;classic&quot;}\">\n\t\t\t\t\t\t<div class=\"elementor-container elementor-column-gap-default\">\n\t\t\t\t\t<div class=\"elementor-column elementor-col-33 elementor-top-column elementor-element elementor-element-4daa89d\" data-id=\"4daa89d\" data-element_type=\"column\">\n\t\t\t<div class=\"elementor-widget-wrap\">\n\t\t\t\t\t\t\t<\/div>\n\t\t<\/div>\n\t\t\t\t<div class=\"elementor-column elementor-col-33 elementor-top-column elementor-element elementor-element-2545186\" data-id=\"2545186\" data-element_type=\"column\">\n\t\t\t<div class=\"elementor-widget-wrap elementor-element-populated\">\n\t\t\t\t\t\t<div class=\"elementor-element elementor-element-a62e0b9 elementor-widget elementor-widget-text-editor\" data-id=\"a62e0b9\" data-element_type=\"widget\" data-widget_type=\"text-editor.default\">\n\t\t\t\t<div class=\"elementor-widget-container\">\n\t\t\t\t\t\t\t\t\t<p style=\"text-align: center;\"><span style=\"color: #fff; font-family: -apple-system, BlinkMacSystemFont, 'Segoe UI', Roboto, 'Helvetica Neue', Arial, 'Noto Sans', 'Liberation Sans', sans-serif, 'Apple Color Emoji', 'Segoe UI Emoji', 'Segoe UI Symbol', 'Noto Color Emoji'; font-size: 20px;\">\u00a0\u00c1rea total de construcci\u00f3n: 136.50m2<\/span><\/p><p style=\"text-align: center;\"><span style=\"color: #fff; font-family: -apple-system, BlinkMacSystemFont, 'Segoe UI', Roboto, 'Helvetica Neue', Arial, 'Noto Sans', 'Liberation Sans', sans-serif, 'Apple Color Emoji', 'Segoe UI Emoji', 'Segoe UI Symbol', 'Noto Color Emoji'; font-size: 20px;\">\u00c1rea total de terreno: 147.01m2<\/span><\/p>\t\t\t\t\t\t\t\t<\/div>\n\t\t\t\t<\/div>\n\t\t\t\t\t<\/div>\n\t\t<\/div>\n\t\t\t\t<div class=\"elementor-column elementor-col-33 elementor-top-column elementor-element elementor-element-fc9196f\" data-id=\"fc9196f\" data-element_type=\"column\">\n\t\t\t<div class=\"elementor-widget-wrap\">\n\t\t\t\t\t\t\t<\/div>\n\t\t<\/div>\n\t\t\t\t\t<\/div>\n\t\t<\/section>\n\t\t\t\t<section class=\"elementor-section elementor-top-section elementor-element elementor-element-db10bc5 elementor-section-full_width elementor-section-height-default elementor-section-height-default\" data-id=\"db10bc5\" data-element_type=\"section\" data-settings=\"{&quot;background_background&quot;:&quot;classic&quot;}\">\n\t\t\t\t\t\t<div class=\"elementor-container elementor-column-gap-default\">\n\t\t\t\t\t<div class=\"elementor-column elementor-col-50 elementor-top-column elementor-element elementor-element-90f2c8b\" data-id=\"90f2c8b\" data-element_type=\"column\">\n\t\t\t<div class=\"elementor-widget-wrap elementor-element-populated\">\n\t\t\t\t\t\t<div class=\"elementor-element elementor-element-f5a5f97 elementor-hidden-desktop elementor-hidden-tablet elementor-hidden-mobile elementor-widget elementor-widget-image\" data-id=\"f5a5f97\" data-element_type=\"widget\" data-widget_type=\"image.default\">\n\t\t\t\t<div class=\"elementor-widget-container\">\n\t\t\t\t\t\t\t\t\t\t\t\t\t\t\t<img decoding=\"async\" width=\"800\" height=\"170\" src=\"https:\/\/globalelsalvador.com\/NuevaSanMiguel\/wp-content\/uploads\/2023\/06\/titleplantas-1-1024x218.png\" class=\"attachment-large size-large wp-image-179\" alt=\"\" srcset=\"https:\/\/globalelsalvador.com\/NuevaSanMiguel\/wp-content\/uploads\/2023\/06\/titleplantas-1-1024x218.png 1024w, https:\/\/globalelsalvador.com\/NuevaSanMiguel\/wp-content\/uploads\/2023\/06\/titleplantas-1-300x64.png 300w, https:\/\/globalelsalvador.com\/NuevaSanMiguel\/wp-content\/uploads\/2023\/06\/titleplantas-1-768x164.png 768w, https:\/\/globalelsalvador.com\/NuevaSanMiguel\/wp-content\/uploads\/2023\/06\/titleplantas-1.png 1130w\" sizes=\"(max-width: 800px) 100vw, 800px\" \/>\t\t\t\t\t\t\t\t\t\t\t\t\t\t\t<\/div>\n\t\t\t\t<\/div>\n\t\t\t\t\t<\/div>\n\t\t<\/div>\n\t\t\t\t<div class=\"elementor-column elementor-col-50 elementor-top-column elementor-element elementor-element-2755868\" data-id=\"2755868\" data-element_type=\"column\">\n\t\t\t<div class=\"elementor-widget-wrap elementor-element-populated\">\n\t\t\t\t\t\t<div class=\"elementor-element elementor-element-1a54699 elementor-widget elementor-widget-heading\" data-id=\"1a54699\" data-element_type=\"widget\" data-widget_type=\"heading.default\">\n\t\t\t\t<div class=\"elementor-widget-container\">\n\t\t\t\t\t<h2 class=\"elementor-heading-title elementor-size-default\">Detalles arquitect\u00f3nicos<\/h2>\t\t\t\t<\/div>\n\t\t\t\t<\/div>\n\t\t\t\t\t<\/div>\n\t\t<\/div>\n\t\t\t\t\t<\/div>\n\t\t<\/section>\n\t\t\t\t<section class=\"elementor-section elementor-top-section elementor-element elementor-element-197e88e elementor-section-boxed elementor-section-height-default elementor-section-height-default\" data-id=\"197e88e\" data-element_type=\"section\">\n\t\t\t\t\t\t<div class=\"elementor-container elementor-column-gap-default\">\n\t\t\t\t\t<div class=\"elementor-column elementor-col-50 elementor-top-column elementor-element elementor-element-9b1872c\" data-id=\"9b1872c\" data-element_type=\"column\">\n\t\t\t<div class=\"elementor-widget-wrap elementor-element-populated\">\n\t\t\t\t\t\t<div class=\"elementor-element elementor-element-77f1383 elementor-widget__width-initial elementor-widget elementor-widget-text-editor\" data-id=\"77f1383\" data-element_type=\"widget\" data-widget_type=\"text-editor.default\">\n\t\t\t\t<div class=\"elementor-widget-container\">\n\t\t\t\t\t\t\t\t\t<h4 class=\"t-desp\" style=\"margin-bottom: 0.5rem; margin-top: 50px; font-weight: bold; font-size: 28px; color: #11313a; font-family: -apple-system, BlinkMacSystemFont, 'Segoe UI', Roboto, 'Helvetica Neue', Arial, 'Noto Sans', 'Liberation Sans', sans-serif, 'Apple Color Emoji', 'Segoe UI Emoji', 'Segoe UI Symbol', 'Noto Color Emoji';\">Modelo de vivienda en 2 niveles<\/h4>\n<p class=\"t-single-desp\" style=\"margin-bottom: 1rem; color: #11313a; font-size: 25px; font-family: -apple-system, BlinkMacSystemFont, 'Segoe UI', Roboto, 'Helvetica Neue', Arial, 'Noto Sans', 'Liberation Sans', sans-serif, 'Apple Color Emoji', 'Segoe UI Emoji', 'Segoe UI Symbol', 'Noto Color Emoji';\">Primer nivel:<\/p>\n<ul class=\"details-model\" style=\"margin-bottom: 1rem;\">\n \t<li>Cochera con tecnolog\u00eda bicapa para 2 vehiculos.<\/li>\n \t<li>Moderna sala principal.<\/li>\n \t<li>Comedor con espectacular vista al jard\u00edn.<\/li>\n \t<li>Cocina independiente con isla central enchapada en porcelanato.<\/li>\n \t<li>Lindas gradas espaciales que nos conectan al segundo nivel.<\/li>\n \t<li>Servicio sanitario social.<\/li>\n \t<li>\u00c1rea destinada para equipos de oficio.<\/li>\n \t<li>Jard\u00edn interno para recreaci\u00f3n o futuras ampliaciones.<\/li>\n<\/ul>\n<p class=\"t-single-desp\" style=\"margin-bottom: 1rem; color: #11313a; font-size: 25px; font-family: -apple-system, BlinkMacSystemFont, 'Segoe UI', Roboto, 'Helvetica Neue', Arial, 'Noto Sans', 'Liberation Sans', sans-serif, 'Apple Color Emoji', 'Segoe UI Emoji', 'Segoe UI Symbol', 'Noto Color Emoji';\">Segundo nivel:<\/p>\n<p class=\"t-single-desp\" style=\"margin-bottom: 1rem; color: #11313a; font-size: 25px; font-family: -apple-system, BlinkMacSystemFont, 'Segoe UI', Roboto, 'Helvetica Neue', Arial, 'Noto Sans', 'Liberation Sans', sans-serif, 'Apple Color Emoji', 'Segoe UI Emoji', 'Segoe UI Symbol', 'Noto Color Emoji';\"><\/p>\n<ul class=\"details-model\" style=\"box-sizing: border-box; margin-bottom: 1rem; margin-top: 0px;\">\n \t<li style=\"box-sizing: border-box;\">Espaciosa master bedroom con balc\u00f3n italiano, walk in closet y lujoso ba\u00f1o con mueble enchapado.<\/li>\n \t<li style=\"box-sizing: border-box;\">Armoniosa sala familiar iluminada.<\/li>\n \t<li style=\"box-sizing: border-box;\">2 habitaciones junior con ba\u00f1o compartido.<\/li>\n<\/ul>\t\t\t\t\t\t\t\t<\/div>\n\t\t\t\t<\/div>\n\t\t\t\t\t<\/div>\n\t\t<\/div>\n\t\t\t\t<div class=\"elementor-column elementor-col-50 elementor-top-column elementor-element elementor-element-9e7d3b7\" data-id=\"9e7d3b7\" data-element_type=\"column\">\n\t\t\t<div class=\"elementor-widget-wrap elementor-element-populated\">\n\t\t\t\t\t\t<div class=\"elementor-element elementor-element-e0a2b7a elementor-widget elementor-widget-image\" data-id=\"e0a2b7a\" data-element_type=\"widget\" data-widget_type=\"image.default\">\n\t\t\t\t<div class=\"elementor-widget-container\">\n\t\t\t\t\t\t\t\t\t\t\t\t\t\t\t<img loading=\"lazy\" decoding=\"async\" width=\"661\" height=\"767\" src=\"https:\/\/globalelsalvador.com\/NuevaSanMiguel\/wp-content\/uploads\/2023\/06\/detroit.png\" class=\"attachment-large size-large wp-image-182\" alt=\"\" srcset=\"https:\/\/globalelsalvador.com\/NuevaSanMiguel\/wp-content\/uploads\/2023\/06\/detroit.png 661w, https:\/\/globalelsalvador.com\/NuevaSanMiguel\/wp-content\/uploads\/2023\/06\/detroit-259x300.png 259w\" sizes=\"(max-width: 661px) 100vw, 661px\" \/>\t\t\t\t\t\t\t\t\t\t\t\t\t\t\t<\/div>\n\t\t\t\t<\/div>\n\t\t\t\t\t<\/div>\n\t\t<\/div>\n\t\t\t\t\t<\/div>\n\t\t<\/section>\n\t\t\t\t<\/div>\n\t\t","protected":false},"excerpt":{"rendered":"<p>Planta arquitect\u00f3nica \u00a0\u00c1rea total de construcci\u00f3n: 136.50m2 \u00c1rea total de terreno: 147.01m2 Detalles arquitect\u00f3nicos Modelo de vivienda en 2 niveles Primer nivel: Cochera con tecnolog\u00eda bicapa para 2 vehiculos. Moderna sala principal. Comedor con espectacular vista al jard\u00edn. Cocina independiente con isla central enchapada en porcelanato. Lindas gradas espaciales que nos conectan al segundo nivel. [&hellip;]<\/p>\n","protected":false},"author":1,"featured_media":0,"parent":0,"menu_order":0,"comment_status":"closed","ping_status":"closed","template":"","meta":{"_joinchat":[],"footnotes":""},"class_list":["post-39","page","type-page","status-publish","hentry"],"aioseo_notices":[],"_links":{"self":[{"href":"https:\/\/globalelsalvador.com\/NuevaSanMiguel\/wp-json\/wp\/v2\/pages\/39","targetHints":{"allow":["GET"]}}],"collection":[{"href":"https:\/\/globalelsalvador.com\/NuevaSanMiguel\/wp-json\/wp\/v2\/pages"}],"about":[{"href":"https:\/\/globalelsalvador.com\/NuevaSanMiguel\/wp-json\/wp\/v2\/types\/page"}],"author":[{"embeddable":true,"href":"https:\/\/globalelsalvador.com\/NuevaSanMiguel\/wp-json\/wp\/v2\/users\/1"}],"replies":[{"embeddable":true,"href":"https:\/\/globalelsalvador.com\/NuevaSanMiguel\/wp-json\/wp\/v2\/comments?post=39"}],"version-history":[{"count":46,"href":"https:\/\/globalelsalvador.com\/NuevaSanMiguel\/wp-json\/wp\/v2\/pages\/39\/revisions"}],"predecessor-version":[{"id":723,"href":"https:\/\/globalelsalvador.com\/NuevaSanMiguel\/wp-json\/wp\/v2\/pages\/39\/revisions\/723"}],"wp:attachment":[{"href":"https:\/\/globalelsalvador.com\/NuevaSanMiguel\/wp-json\/wp\/v2\/media?parent=39"}],"curies":[{"name":"wp","href":"https:\/\/api.w.org\/{rel}","templated":true}]}}