{"id":2,"date":"2023-06-15T15:57:04","date_gmt":"2023-06-15T15:57:04","guid":{"rendered":"https:\/\/globalelsalvador.com\/NuevaSanMiguel\/?page_id=2"},"modified":"2024-10-04T22:12:12","modified_gmt":"2024-10-04T22:12:12","slug":"modelo-seattle","status":"publish","type":"page","link":"https:\/\/globalelsalvador.com\/NuevaSanMiguel\/modelo-seattle\/","title":{"rendered":"Modelo Seattle"},"content":{"rendered":"\t\t<div data-elementor-type=\"wp-page\" data-elementor-id=\"2\" class=\"elementor elementor-2\">\n\t\t\t\t\t\t<section class=\"elementor-section elementor-top-section elementor-element elementor-element-4082239 elementor-section-full_width elementor-section-height-default elementor-section-height-default\" data-id=\"4082239\" data-element_type=\"section\" data-settings=\"{&quot;background_background&quot;:&quot;classic&quot;}\">\n\t\t\t\t\t\t<div class=\"elementor-container elementor-column-gap-default\">\n\t\t\t\t\t<div class=\"elementor-column elementor-col-100 elementor-top-column elementor-element elementor-element-f0be88d\" data-id=\"f0be88d\" data-element_type=\"column\">\n\t\t\t<div class=\"elementor-widget-wrap elementor-element-populated\">\n\t\t\t\t\t\t<div class=\"elementor-element elementor-element-598b41a elementor-widget elementor-widget-image\" data-id=\"598b41a\" data-element_type=\"widget\" data-widget_type=\"image.default\">\n\t\t\t\t<div class=\"elementor-widget-container\">\n\t\t\t\t\t\t\t\t\t\t\t\t\t\t\t<img fetchpriority=\"high\" decoding=\"async\" width=\"1920\" height=\"648\" src=\"https:\/\/globalelsalvador.com\/NuevaSanMiguel\/wp-content\/uploads\/2024\/09\/Banner1_Seattle.jpg\" class=\"attachment-full size-full wp-image-695\" alt=\"\" srcset=\"https:\/\/globalelsalvador.com\/NuevaSanMiguel\/wp-content\/uploads\/2024\/09\/Banner1_Seattle.jpg 1920w, https:\/\/globalelsalvador.com\/NuevaSanMiguel\/wp-content\/uploads\/2024\/09\/Banner1_Seattle-300x101.jpg 300w, https:\/\/globalelsalvador.com\/NuevaSanMiguel\/wp-content\/uploads\/2024\/09\/Banner1_Seattle-1024x346.jpg 1024w, https:\/\/globalelsalvador.com\/NuevaSanMiguel\/wp-content\/uploads\/2024\/09\/Banner1_Seattle-768x259.jpg 768w, https:\/\/globalelsalvador.com\/NuevaSanMiguel\/wp-content\/uploads\/2024\/09\/Banner1_Seattle-1536x518.jpg 1536w\" sizes=\"(max-width: 1920px) 100vw, 1920px\" \/>\t\t\t\t\t\t\t\t\t\t\t\t\t\t\t<\/div>\n\t\t\t\t<\/div>\n\t\t\t\t\t<\/div>\n\t\t<\/div>\n\t\t\t\t\t<\/div>\n\t\t<\/section>\n\t\t\t\t<section class=\"elementor-section elementor-top-section elementor-element elementor-element-9615b07 elementor-section-full_width elementor-hidden-desktop elementor-hidden-tablet elementor-hidden-mobile elementor-section-height-default elementor-section-height-default\" data-id=\"9615b07\" data-element_type=\"section\" data-settings=\"{&quot;background_background&quot;:&quot;classic&quot;}\">\n\t\t\t\t\t\t<div class=\"elementor-container elementor-column-gap-default\">\n\t\t\t\t\t<div class=\"elementor-column elementor-col-50 elementor-top-column elementor-element elementor-element-b5f98ff\" data-id=\"b5f98ff\" data-element_type=\"column\">\n\t\t\t<div class=\"elementor-widget-wrap elementor-element-populated\">\n\t\t\t\t\t\t<div class=\"elementor-element elementor-element-72b6fec elementor-widget elementor-widget-image\" data-id=\"72b6fec\" data-element_type=\"widget\" data-widget_type=\"image.default\">\n\t\t\t\t<div class=\"elementor-widget-container\">\n\t\t\t\t\t\t\t\t\t\t\t\t\t\t\t<img decoding=\"async\" width=\"800\" height=\"170\" src=\"https:\/\/globalelsalvador.com\/NuevaSanMiguel\/wp-content\/uploads\/2023\/06\/titleplantas-1-1024x218.png\" class=\"attachment-large size-large wp-image-179\" alt=\"\" srcset=\"https:\/\/globalelsalvador.com\/NuevaSanMiguel\/wp-content\/uploads\/2023\/06\/titleplantas-1-1024x218.png 1024w, https:\/\/globalelsalvador.com\/NuevaSanMiguel\/wp-content\/uploads\/2023\/06\/titleplantas-1-300x64.png 300w, https:\/\/globalelsalvador.com\/NuevaSanMiguel\/wp-content\/uploads\/2023\/06\/titleplantas-1-768x164.png 768w, https:\/\/globalelsalvador.com\/NuevaSanMiguel\/wp-content\/uploads\/2023\/06\/titleplantas-1.png 1130w\" sizes=\"(max-width: 800px) 100vw, 800px\" \/>\t\t\t\t\t\t\t\t\t\t\t\t\t\t\t<\/div>\n\t\t\t\t<\/div>\n\t\t\t\t\t<\/div>\n\t\t<\/div>\n\t\t\t\t<div class=\"elementor-column elementor-col-50 elementor-top-column elementor-element elementor-element-343983b\" data-id=\"343983b\" data-element_type=\"column\">\n\t\t\t<div class=\"elementor-widget-wrap elementor-element-populated\">\n\t\t\t\t\t\t<div class=\"elementor-element elementor-element-e2c4530 elementor-widget elementor-widget-heading\" data-id=\"e2c4530\" data-element_type=\"widget\" data-widget_type=\"heading.default\">\n\t\t\t\t<div class=\"elementor-widget-container\">\n\t\t\t\t\t<h2 class=\"elementor-heading-title elementor-size-default\">Planta arquitect\u00f3nica<\/h2>\t\t\t\t<\/div>\n\t\t\t\t<\/div>\n\t\t\t\t\t<\/div>\n\t\t<\/div>\n\t\t\t\t\t<\/div>\n\t\t<\/section>\n\t\t\t\t<section class=\"elementor-section elementor-top-section elementor-element elementor-element-dd32a4b elementor-hidden-desktop elementor-hidden-tablet elementor-hidden-mobile elementor-section-boxed elementor-section-height-default elementor-section-height-default\" data-id=\"dd32a4b\" data-element_type=\"section\">\n\t\t\t\t\t\t<div class=\"elementor-container elementor-column-gap-default\">\n\t\t\t\t\t<div class=\"elementor-column elementor-col-50 elementor-top-column elementor-element elementor-element-566b51f\" data-id=\"566b51f\" data-element_type=\"column\">\n\t\t\t<div class=\"elementor-widget-wrap elementor-element-populated\">\n\t\t\t\t\t\t<div class=\"elementor-element elementor-element-b515eb5 elementor-widget elementor-widget-image\" data-id=\"b515eb5\" data-element_type=\"widget\" data-widget_type=\"image.default\">\n\t\t\t\t<div class=\"elementor-widget-container\">\n\t\t\t\t\t\t\t\t\t\t\t\t\t\t\t<img decoding=\"async\" width=\"800\" height=\"247\" src=\"https:\/\/globalelsalvador.com\/NuevaSanMiguel\/wp-content\/uploads\/2023\/06\/seattle-1.png\" class=\"attachment-large size-large wp-image-218\" alt=\"\" srcset=\"https:\/\/globalelsalvador.com\/NuevaSanMiguel\/wp-content\/uploads\/2023\/06\/seattle-1.png 900w, https:\/\/globalelsalvador.com\/NuevaSanMiguel\/wp-content\/uploads\/2023\/06\/seattle-1-300x93.png 300w, https:\/\/globalelsalvador.com\/NuevaSanMiguel\/wp-content\/uploads\/2023\/06\/seattle-1-768x237.png 768w\" sizes=\"(max-width: 800px) 100vw, 800px\" \/>\t\t\t\t\t\t\t\t\t\t\t\t\t\t\t<\/div>\n\t\t\t\t<\/div>\n\t\t\t\t\t<\/div>\n\t\t<\/div>\n\t\t\t\t<div class=\"elementor-column elementor-col-50 elementor-top-column elementor-element elementor-element-cb14241\" data-id=\"cb14241\" data-element_type=\"column\">\n\t\t\t<div class=\"elementor-widget-wrap elementor-element-populated\">\n\t\t\t\t\t\t<div class=\"elementor-element elementor-element-4298588 elementor-widget elementor-widget-image\" data-id=\"4298588\" data-element_type=\"widget\" data-widget_type=\"image.default\">\n\t\t\t\t<div class=\"elementor-widget-container\">\n\t\t\t\t\t\t\t\t\t\t\t\t\t\t\t<img loading=\"lazy\" decoding=\"async\" width=\"404\" height=\"285\" src=\"https:\/\/globalelsalvador.com\/NuevaSanMiguel\/wp-content\/uploads\/2023\/06\/seattle-2.png\" class=\"attachment-large size-large wp-image-219\" alt=\"\" srcset=\"https:\/\/globalelsalvador.com\/NuevaSanMiguel\/wp-content\/uploads\/2023\/06\/seattle-2.png 404w, https:\/\/globalelsalvador.com\/NuevaSanMiguel\/wp-content\/uploads\/2023\/06\/seattle-2-300x212.png 300w\" sizes=\"(max-width: 404px) 100vw, 404px\" \/>\t\t\t\t\t\t\t\t\t\t\t\t\t\t\t<\/div>\n\t\t\t\t<\/div>\n\t\t\t\t\t<\/div>\n\t\t<\/div>\n\t\t\t\t\t<\/div>\n\t\t<\/section>\n\t\t\t\t<section class=\"elementor-section elementor-top-section elementor-element elementor-element-2945c11 elementor-section-full_width elementor-hidden-desktop elementor-hidden-tablet elementor-hidden-mobile elementor-section-height-default elementor-section-height-default\" data-id=\"2945c11\" data-element_type=\"section\" data-settings=\"{&quot;background_background&quot;:&quot;classic&quot;}\">\n\t\t\t\t\t\t<div class=\"elementor-container elementor-column-gap-default\">\n\t\t\t\t\t<div class=\"elementor-column elementor-col-33 elementor-top-column elementor-element elementor-element-5b5fde1\" data-id=\"5b5fde1\" data-element_type=\"column\">\n\t\t\t<div class=\"elementor-widget-wrap\">\n\t\t\t\t\t\t\t<\/div>\n\t\t<\/div>\n\t\t\t\t<div class=\"elementor-column elementor-col-33 elementor-top-column elementor-element elementor-element-25bc56a\" data-id=\"25bc56a\" data-element_type=\"column\">\n\t\t\t<div class=\"elementor-widget-wrap elementor-element-populated\">\n\t\t\t\t\t\t<div class=\"elementor-element elementor-element-46b3047 elementor-widget elementor-widget-text-editor\" data-id=\"46b3047\" data-element_type=\"widget\" data-widget_type=\"text-editor.default\">\n\t\t\t\t<div class=\"elementor-widget-container\">\n\t\t\t\t\t\t\t\t\t<p style=\"text-align: center;\"><span style=\"color: #fff; font-family: -apple-system, BlinkMacSystemFont, 'Segoe UI', Roboto, 'Helvetica Neue', Arial, 'Noto Sans', 'Liberation Sans', sans-serif, 'Apple Color Emoji', 'Segoe UI Emoji', 'Segoe UI Symbol', 'Noto Color Emoji'; font-size: 20px;\">\u00a0\u00c1rea total de construcci\u00f3n: 45.39m2<\/span><\/p><p style=\"text-align: center;\"><span style=\"color: #fff; font-family: -apple-system, BlinkMacSystemFont, 'Segoe UI', Roboto, 'Helvetica Neue', Arial, 'Noto Sans', 'Liberation Sans', sans-serif, 'Apple Color Emoji', 'Segoe UI Emoji', 'Segoe UI Symbol', 'Noto Color Emoji'; font-size: 20px;\">\u00c1rea total de terreno: 150m2<\/span><\/p>\t\t\t\t\t\t\t\t<\/div>\n\t\t\t\t<\/div>\n\t\t\t\t\t<\/div>\n\t\t<\/div>\n\t\t\t\t<div class=\"elementor-column elementor-col-33 elementor-top-column elementor-element elementor-element-3e6692b\" data-id=\"3e6692b\" data-element_type=\"column\">\n\t\t\t<div class=\"elementor-widget-wrap\">\n\t\t\t\t\t\t\t<\/div>\n\t\t<\/div>\n\t\t\t\t\t<\/div>\n\t\t<\/section>\n\t\t\t\t<section class=\"elementor-section elementor-top-section elementor-element elementor-element-8977461 elementor-section-full_width elementor-section-height-default elementor-section-height-default\" data-id=\"8977461\" data-element_type=\"section\" data-settings=\"{&quot;background_background&quot;:&quot;classic&quot;}\">\n\t\t\t\t\t\t<div class=\"elementor-container elementor-column-gap-default\">\n\t\t\t\t\t<div class=\"elementor-column elementor-col-50 elementor-top-column elementor-element elementor-element-264cb87\" data-id=\"264cb87\" data-element_type=\"column\">\n\t\t\t<div class=\"elementor-widget-wrap elementor-element-populated\">\n\t\t\t\t\t\t<div class=\"elementor-element elementor-element-735509b elementor-hidden-desktop elementor-hidden-tablet elementor-hidden-mobile elementor-widget elementor-widget-image\" data-id=\"735509b\" data-element_type=\"widget\" data-widget_type=\"image.default\">\n\t\t\t\t<div class=\"elementor-widget-container\">\n\t\t\t\t\t\t\t\t\t\t\t\t\t\t\t<img decoding=\"async\" width=\"800\" height=\"170\" src=\"https:\/\/globalelsalvador.com\/NuevaSanMiguel\/wp-content\/uploads\/2023\/06\/titleplantas-1-1024x218.png\" class=\"attachment-large size-large wp-image-179\" alt=\"\" srcset=\"https:\/\/globalelsalvador.com\/NuevaSanMiguel\/wp-content\/uploads\/2023\/06\/titleplantas-1-1024x218.png 1024w, https:\/\/globalelsalvador.com\/NuevaSanMiguel\/wp-content\/uploads\/2023\/06\/titleplantas-1-300x64.png 300w, https:\/\/globalelsalvador.com\/NuevaSanMiguel\/wp-content\/uploads\/2023\/06\/titleplantas-1-768x164.png 768w, https:\/\/globalelsalvador.com\/NuevaSanMiguel\/wp-content\/uploads\/2023\/06\/titleplantas-1.png 1130w\" sizes=\"(max-width: 800px) 100vw, 800px\" \/>\t\t\t\t\t\t\t\t\t\t\t\t\t\t\t<\/div>\n\t\t\t\t<\/div>\n\t\t\t\t\t<\/div>\n\t\t<\/div>\n\t\t\t\t<div class=\"elementor-column elementor-col-50 elementor-top-column elementor-element elementor-element-6f72627\" data-id=\"6f72627\" data-element_type=\"column\">\n\t\t\t<div class=\"elementor-widget-wrap elementor-element-populated\">\n\t\t\t\t\t\t<div class=\"elementor-element elementor-element-e6b141f elementor-widget elementor-widget-heading\" data-id=\"e6b141f\" data-element_type=\"widget\" data-widget_type=\"heading.default\">\n\t\t\t\t<div class=\"elementor-widget-container\">\n\t\t\t\t\t<h2 class=\"elementor-heading-title elementor-size-default\">Detalles arquitect\u00f3nicos<\/h2>\t\t\t\t<\/div>\n\t\t\t\t<\/div>\n\t\t\t\t\t<\/div>\n\t\t<\/div>\n\t\t\t\t\t<\/div>\n\t\t<\/section>\n\t\t\t\t<section class=\"elementor-section elementor-top-section elementor-element elementor-element-3c972f5 elementor-section-boxed elementor-section-height-default elementor-section-height-default\" data-id=\"3c972f5\" data-element_type=\"section\">\n\t\t\t\t\t\t<div class=\"elementor-container elementor-column-gap-default\">\n\t\t\t\t\t<div class=\"elementor-column elementor-col-50 elementor-top-column elementor-element elementor-element-8cdfce1\" data-id=\"8cdfce1\" data-element_type=\"column\">\n\t\t\t<div class=\"elementor-widget-wrap elementor-element-populated\">\n\t\t\t\t\t\t<div class=\"elementor-element elementor-element-aeedf9e elementor-widget elementor-widget-text-editor\" data-id=\"aeedf9e\" data-element_type=\"widget\" data-widget_type=\"text-editor.default\">\n\t\t\t\t<div class=\"elementor-widget-container\">\n\t\t\t\t\t\t\t\t\t<h4 class=\"t-desp\" style=\"margin-bottom: 0.5rem; margin-top: 50px; font-weight: bold; font-size: 28px; color: #11313a; font-family: -apple-system, BlinkMacSystemFont, 'Segoe UI', Roboto, 'Helvetica Neue', Arial, 'Noto Sans', 'Liberation Sans', sans-serif, 'Apple Color Emoji', 'Segoe UI Emoji', 'Segoe UI Symbol', 'Noto Color Emoji';\">Modelo de vivienda en 2 niveles<\/h4>\n<ul class=\"details-model\" style=\"margin-bottom: 1rem;\">\n \t<li>Cochera con tecnolog\u00eda bicapa para 2 vehiculos.<\/li>\n \t<li>Moderna sala principal.<\/li>\n \t<li>Comedor con espectacular vista al jard\u00edn.<\/li>\n \t<li>Cocina independiente con isla central enchapada en porcelanato.<\/li>\n \t<li>Lindas gradas espaciales que nos conectan al segundo nivel.<\/li>\n \t<li>Servicio sanitario social.<\/li>\n \t<li>\u00c1rea destinada para equipos de oficio.<\/li>\n \t<li>Jard\u00edn interno para recreaci\u00f3n o futuras ampliaciones.<\/li>\n \t<li>Espacio destinado para \u00e1rea de estudio.<\/li>\n<\/ul>\n<p class=\"t-single-desp\" style=\"margin-bottom: 1rem; color: #11313a; font-size: 25px; font-family: -apple-system, BlinkMacSystemFont, 'Segoe UI', Roboto, 'Helvetica Neue', Arial, 'Noto Sans', 'Liberation Sans', sans-serif, 'Apple Color Emoji', 'Segoe UI Emoji', 'Segoe UI Symbol', 'Noto Color Emoji';\">Segundo nivel:<\/p>\n<ul class=\"details-model\" style=\"box-sizing: border-box; margin-bottom: 1rem; margin-top: 0px;\">\n \t<li style=\"box-sizing: border-box;\">Espaciosa master bedroom con balc\u00f3n italiano, walk in closet y lujoso ba\u00f1o con mueble enchapado.<\/li>\n \t<li style=\"box-sizing: border-box;\">2 amplias habitaciones junior.<\/li>\n \t<li style=\"box-sizing: border-box;\">Ba\u00f1o compartido.<\/li>\n<\/ul>\t\t\t\t\t\t\t\t<\/div>\n\t\t\t\t<\/div>\n\t\t\t\t\t<\/div>\n\t\t<\/div>\n\t\t\t\t<div class=\"elementor-column elementor-col-50 elementor-top-column elementor-element elementor-element-c9980ca\" data-id=\"c9980ca\" data-element_type=\"column\">\n\t\t\t<div class=\"elementor-widget-wrap elementor-element-populated\">\n\t\t\t\t\t\t<div class=\"elementor-element elementor-element-d30d1ee elementor-widget elementor-widget-image\" data-id=\"d30d1ee\" data-element_type=\"widget\" data-widget_type=\"image.default\">\n\t\t\t\t<div class=\"elementor-widget-container\">\n\t\t\t\t\t\t\t\t\t\t\t\t\t\t\t<img loading=\"lazy\" decoding=\"async\" width=\"661\" height=\"764\" src=\"https:\/\/globalelsalvador.com\/NuevaSanMiguel\/wp-content\/uploads\/2023\/06\/seattle.png\" class=\"attachment-large size-large wp-image-220\" alt=\"\" srcset=\"https:\/\/globalelsalvador.com\/NuevaSanMiguel\/wp-content\/uploads\/2023\/06\/seattle.png 661w, https:\/\/globalelsalvador.com\/NuevaSanMiguel\/wp-content\/uploads\/2023\/06\/seattle-260x300.png 260w\" sizes=\"(max-width: 661px) 100vw, 661px\" \/>\t\t\t\t\t\t\t\t\t\t\t\t\t\t\t<\/div>\n\t\t\t\t<\/div>\n\t\t\t\t\t<\/div>\n\t\t<\/div>\n\t\t\t\t\t<\/div>\n\t\t<\/section>\n\t\t\t\t<\/div>\n\t\t","protected":false},"excerpt":{"rendered":"<p>Planta arquitect\u00f3nica \u00a0\u00c1rea total de construcci\u00f3n: 45.39m2 \u00c1rea total de terreno: 150m2 Detalles arquitect\u00f3nicos Modelo de vivienda en 2 niveles Cochera con tecnolog\u00eda bicapa para 2 vehiculos. Moderna sala principal. Comedor con espectacular vista al jard\u00edn. Cocina independiente con isla central enchapada en porcelanato. Lindas gradas espaciales que nos conectan al segundo nivel. Servicio sanitario [&hellip;]<\/p>\n","protected":false},"author":1,"featured_media":0,"parent":0,"menu_order":0,"comment_status":"closed","ping_status":"open","template":"","meta":{"_joinchat":[],"footnotes":""},"class_list":["post-2","page","type-page","status-publish","hentry"],"aioseo_notices":[],"_links":{"self":[{"href":"https:\/\/globalelsalvador.com\/NuevaSanMiguel\/wp-json\/wp\/v2\/pages\/2","targetHints":{"allow":["GET"]}}],"collection":[{"href":"https:\/\/globalelsalvador.com\/NuevaSanMiguel\/wp-json\/wp\/v2\/pages"}],"about":[{"href":"https:\/\/globalelsalvador.com\/NuevaSanMiguel\/wp-json\/wp\/v2\/types\/page"}],"author":[{"embeddable":true,"href":"https:\/\/globalelsalvador.com\/NuevaSanMiguel\/wp-json\/wp\/v2\/users\/1"}],"replies":[{"embeddable":true,"href":"https:\/\/globalelsalvador.com\/NuevaSanMiguel\/wp-json\/wp\/v2\/comments?post=2"}],"version-history":[{"count":31,"href":"https:\/\/globalelsalvador.com\/NuevaSanMiguel\/wp-json\/wp\/v2\/pages\/2\/revisions"}],"predecessor-version":[{"id":729,"href":"https:\/\/globalelsalvador.com\/NuevaSanMiguel\/wp-json\/wp\/v2\/pages\/2\/revisions\/729"}],"wp:attachment":[{"href":"https:\/\/globalelsalvador.com\/NuevaSanMiguel\/wp-json\/wp\/v2\/media?parent=2"}],"curies":[{"name":"wp","href":"https:\/\/api.w.org\/{rel}","templated":true}]}}